{"id":76,"date":"2020-04-19T18:23:44","date_gmt":"2020-04-19T16:23:44","guid":{"rendered":"http:\/\/marveline.fr\/index.php\/panier\/"},"modified":"2020-06-07T21:17:12","modified_gmt":"2020-06-07T19:17:12","slug":"panier","status":"publish","type":"page","link":"https:\/\/marveline.fr\/index.php\/panier\/","title":{"rendered":"Panier"},"content":{"rendered":"\n","protected":false},"excerpt":{"rendered":"","protected":false},"author":1,"featured_media":0,"parent":0,"menu_order":0,"comment_status":"closed","ping_status":"closed","template":"","meta":{"footnotes":""},"class_list":["post-76","page","type-page","status-publish","hentry"],"yoast_head":"<!-- This site is optimized with the Yoast SEO plugin v27.3 - https:\/\/yoast.com\/product\/yoast-seo-wordpress\/ -->\n<title>Marveline Panier<\/title>\n<meta name=\"description\" content=\"Location de vaisselle, mobilier, nappage, borne \u00e0 selfie, candy bar pour mariage, bapt\u00eame, anniversaire, s\u00e9minaire, r\u00e9ception. Louez propre et rendez sale. Nous sommes bas\u00e9s dans l&#039;Oise juste \u00e0 c\u00f4t\u00e9 de Breteuil, entre Amiens et Beauvais. Livraison possible autour (Oise, Somme, Aisne, Val d&#039;Oise, Seine-Maritime, Eure, Pas-de-Calais...). Particulier ou professionnel n&#039;h\u00e9sitez pas \u00e0 nous contacter pour vous accompagner sur tous vos \u00e9v\u00e9nements\" \/>\n<meta name=\"robots\" content=\"noindex, nofollow\" \/>\n<meta property=\"og:locale\" content=\"fr_FR\" \/>\n<meta property=\"og:type\" content=\"article\" \/>\n<meta property=\"og:title\" content=\"Marveline Panier\" \/>\n<meta property=\"og:description\" content=\"Location de vaisselle, mobilier, nappage, borne \u00e0 selfie, candy bar pour mariage, bapt\u00eame, anniversaire, s\u00e9minaire, r\u00e9ception. Louez propre et rendez sale. Nous sommes bas\u00e9s dans l&#039;Oise juste \u00e0 c\u00f4t\u00e9 de Breteuil, entre Amiens et Beauvais. Livraison possible autour (Oise, Somme, Aisne, Val d&#039;Oise, Seine-Maritime, Eure, Pas-de-Calais...). Particulier ou professionnel n&#039;h\u00e9sitez pas \u00e0 nous contacter pour vous accompagner sur tous vos \u00e9v\u00e9nements\" \/>\n<meta property=\"og:url\" content=\"https:\/\/marveline.fr\/index.php\/panier\/\" \/>\n<meta property=\"og:site_name\" content=\"Marveline\" \/>\n<meta property=\"article:publisher\" content=\"https:\/\/www.facebook.com\/marvelinelocation\" \/>\n<meta property=\"article:modified_time\" content=\"2020-06-07T19:17:12+00:00\" \/>\n<meta name=\"twitter:card\" content=\"summary_large_image\" \/>\n<script type=\"application\/ld+json\" class=\"yoast-schema-graph\">{\"@context\":\"https:\\\/\\\/schema.org\",\"@graph\":[{\"@type\":\"WebPage\",\"@id\":\"https:\\\/\\\/marveline.fr\\\/index.php\\\/panier\\\/\",\"url\":\"https:\\\/\\\/marveline.fr\\\/index.php\\\/panier\\\/\",\"name\":\"Marveline Panier\",\"isPartOf\":{\"@id\":\"https:\\\/\\\/marveline.fr\\\/#website\"},\"datePublished\":\"2020-04-19T16:23:44+00:00\",\"dateModified\":\"2020-06-07T19:17:12+00:00\",\"description\":\"Location de vaisselle, mobilier, nappage, borne \u00e0 selfie, candy bar pour mariage, bapt\u00eame, anniversaire, s\u00e9minaire, r\u00e9ception. Louez propre et rendez sale. Nous sommes bas\u00e9s dans l'Oise juste \u00e0 c\u00f4t\u00e9 de Breteuil, entre Amiens et Beauvais. Livraison possible autour (Oise, Somme, Aisne, Val d'Oise, Seine-Maritime, Eure, Pas-de-Calais...). Particulier ou professionnel n'h\u00e9sitez pas \u00e0 nous contacter pour vous accompagner sur tous vos \u00e9v\u00e9nements\",\"breadcrumb\":{\"@id\":\"https:\\\/\\\/marveline.fr\\\/index.php\\\/panier\\\/#breadcrumb\"},\"inLanguage\":\"fr-FR\",\"potentialAction\":[{\"@type\":\"ReadAction\",\"target\":[\"https:\\\/\\\/marveline.fr\\\/index.php\\\/panier\\\/\"]}]},{\"@type\":\"BreadcrumbList\",\"@id\":\"https:\\\/\\\/marveline.fr\\\/index.php\\\/panier\\\/#breadcrumb\",\"itemListElement\":[{\"@type\":\"ListItem\",\"position\":1,\"name\":\"Accueil\",\"item\":\"https:\\\/\\\/marveline.fr\\\/\"},{\"@type\":\"ListItem\",\"position\":2,\"name\":\"Panier\"}]},{\"@type\":\"WebSite\",\"@id\":\"https:\\\/\\\/marveline.fr\\\/#website\",\"url\":\"https:\\\/\\\/marveline.fr\\\/\",\"name\":\"Marveline\",\"description\":\"\u00a0\u00a0Location - Vaisselle - Mat\u00e9riel - \u00c9v\u00e9nementiel\",\"publisher\":{\"@id\":\"https:\\\/\\\/marveline.fr\\\/#organization\"},\"potentialAction\":[{\"@type\":\"SearchAction\",\"target\":{\"@type\":\"EntryPoint\",\"urlTemplate\":\"https:\\\/\\\/marveline.fr\\\/?s={search_term_string}\"},\"query-input\":{\"@type\":\"PropertyValueSpecification\",\"valueRequired\":true,\"valueName\":\"search_term_string\"}}],\"inLanguage\":\"fr-FR\"},{\"@type\":\"Organization\",\"@id\":\"https:\\\/\\\/marveline.fr\\\/#organization\",\"name\":\"Marveline\",\"url\":\"https:\\\/\\\/marveline.fr\\\/\",\"logo\":{\"@type\":\"ImageObject\",\"inLanguage\":\"fr-FR\",\"@id\":\"https:\\\/\\\/marveline.fr\\\/#\\\/schema\\\/logo\\\/image\\\/\",\"url\":\"https:\\\/\\\/marveline.fr\\\/wp-content\\\/uploads\\\/2020\\\/05\\\/marveline-location-vaisselle-materiel-evenementiel-logo512.png\",\"contentUrl\":\"https:\\\/\\\/marveline.fr\\\/wp-content\\\/uploads\\\/2020\\\/05\\\/marveline-location-vaisselle-materiel-evenementiel-logo512.png\",\"width\":512,\"height\":512,\"caption\":\"Marveline\"},\"image\":{\"@id\":\"https:\\\/\\\/marveline.fr\\\/#\\\/schema\\\/logo\\\/image\\\/\"},\"sameAs\":[\"https:\\\/\\\/www.facebook.com\\\/marvelinelocation\"]}]}<\/script>\n<!-- \/ Yoast SEO plugin. -->","yoast_head_json":{"title":"Marveline Panier","description":"Location de vaisselle, mobilier, nappage, borne \u00e0 selfie, candy bar pour mariage, bapt\u00eame, anniversaire, s\u00e9minaire, r\u00e9ception. Louez propre et rendez sale. Nous sommes bas\u00e9s dans l'Oise juste \u00e0 c\u00f4t\u00e9 de Breteuil, entre Amiens et Beauvais. Livraison possible autour (Oise, Somme, Aisne, Val d'Oise, Seine-Maritime, Eure, Pas-de-Calais...). Particulier ou professionnel n'h\u00e9sitez pas \u00e0 nous contacter pour vous accompagner sur tous vos \u00e9v\u00e9nements","robots":{"index":"noindex","follow":"nofollow"},"og_locale":"fr_FR","og_type":"article","og_title":"Marveline Panier","og_description":"Location de vaisselle, mobilier, nappage, borne \u00e0 selfie, candy bar pour mariage, bapt\u00eame, anniversaire, s\u00e9minaire, r\u00e9ception. Louez propre et rendez sale. Nous sommes bas\u00e9s dans l'Oise juste \u00e0 c\u00f4t\u00e9 de Breteuil, entre Amiens et Beauvais. Livraison possible autour (Oise, Somme, Aisne, Val d'Oise, Seine-Maritime, Eure, Pas-de-Calais...). Particulier ou professionnel n'h\u00e9sitez pas \u00e0 nous contacter pour vous accompagner sur tous vos \u00e9v\u00e9nements","og_url":"https:\/\/marveline.fr\/index.php\/panier\/","og_site_name":"Marveline","article_publisher":"https:\/\/www.facebook.com\/marvelinelocation","article_modified_time":"2020-06-07T19:17:12+00:00","twitter_card":"summary_large_image","schema":{"@context":"https:\/\/schema.org","@graph":[{"@type":"WebPage","@id":"https:\/\/marveline.fr\/index.php\/panier\/","url":"https:\/\/marveline.fr\/index.php\/panier\/","name":"Marveline Panier","isPartOf":{"@id":"https:\/\/marveline.fr\/#website"},"datePublished":"2020-04-19T16:23:44+00:00","dateModified":"2020-06-07T19:17:12+00:00","description":"Location de vaisselle, mobilier, nappage, borne \u00e0 selfie, candy bar pour mariage, bapt\u00eame, anniversaire, s\u00e9minaire, r\u00e9ception. Louez propre et rendez sale. Nous sommes bas\u00e9s dans l'Oise juste \u00e0 c\u00f4t\u00e9 de Breteuil, entre Amiens et Beauvais. Livraison possible autour (Oise, Somme, Aisne, Val d'Oise, Seine-Maritime, Eure, Pas-de-Calais...). Particulier ou professionnel n'h\u00e9sitez pas \u00e0 nous contacter pour vous accompagner sur tous vos \u00e9v\u00e9nements","breadcrumb":{"@id":"https:\/\/marveline.fr\/index.php\/panier\/#breadcrumb"},"inLanguage":"fr-FR","potentialAction":[{"@type":"ReadAction","target":["https:\/\/marveline.fr\/index.php\/panier\/"]}]},{"@type":"BreadcrumbList","@id":"https:\/\/marveline.fr\/index.php\/panier\/#breadcrumb","itemListElement":[{"@type":"ListItem","position":1,"name":"Accueil","item":"https:\/\/marveline.fr\/"},{"@type":"ListItem","position":2,"name":"Panier"}]},{"@type":"WebSite","@id":"https:\/\/marveline.fr\/#website","url":"https:\/\/marveline.fr\/","name":"Marveline","description":"\u00a0\u00a0Location - Vaisselle - Mat\u00e9riel - \u00c9v\u00e9nementiel","publisher":{"@id":"https:\/\/marveline.fr\/#organization"},"potentialAction":[{"@type":"SearchAction","target":{"@type":"EntryPoint","urlTemplate":"https:\/\/marveline.fr\/?s={search_term_string}"},"query-input":{"@type":"PropertyValueSpecification","valueRequired":true,"valueName":"search_term_string"}}],"inLanguage":"fr-FR"},{"@type":"Organization","@id":"https:\/\/marveline.fr\/#organization","name":"Marveline","url":"https:\/\/marveline.fr\/","logo":{"@type":"ImageObject","inLanguage":"fr-FR","@id":"https:\/\/marveline.fr\/#\/schema\/logo\/image\/","url":"https:\/\/marveline.fr\/wp-content\/uploads\/2020\/05\/marveline-location-vaisselle-materiel-evenementiel-logo512.png","contentUrl":"https:\/\/marveline.fr\/wp-content\/uploads\/2020\/05\/marveline-location-vaisselle-materiel-evenementiel-logo512.png","width":512,"height":512,"caption":"Marveline"},"image":{"@id":"https:\/\/marveline.fr\/#\/schema\/logo\/image\/"},"sameAs":["https:\/\/www.facebook.com\/marvelinelocation"]}]}},"_links":{"self":[{"href":"https:\/\/marveline.fr\/index.php\/wp-json\/wp\/v2\/pages\/76","targetHints":{"allow":["GET"]}}],"collection":[{"href":"https:\/\/marveline.fr\/index.php\/wp-json\/wp\/v2\/pages"}],"about":[{"href":"https:\/\/marveline.fr\/index.php\/wp-json\/wp\/v2\/types\/page"}],"author":[{"embeddable":true,"href":"https:\/\/marveline.fr\/index.php\/wp-json\/wp\/v2\/users\/1"}],"replies":[{"embeddable":true,"href":"https:\/\/marveline.fr\/index.php\/wp-json\/wp\/v2\/comments?post=76"}],"version-history":[{"count":1,"href":"https:\/\/marveline.fr\/index.php\/wp-json\/wp\/v2\/pages\/76\/revisions"}],"predecessor-version":[{"id":1128,"href":"https:\/\/marveline.fr\/index.php\/wp-json\/wp\/v2\/pages\/76\/revisions\/1128"}],"wp:attachment":[{"href":"https:\/\/marveline.fr\/index.php\/wp-json\/wp\/v2\/media?parent=76"}],"curies":[{"name":"wp","href":"https:\/\/api.w.org\/{rel}","templated":true}]}}