{"id":1188,"date":"2020-07-22T23:27:02","date_gmt":"2020-07-22T21:27:02","guid":{"rendered":"https:\/\/marveline.fr\/?post_type=product&#038;p=1188"},"modified":"2025-10-02T22:25:47","modified_gmt":"2025-10-02T20:25:47","slug":"petite-etagere-en-bois","status":"publish","type":"product","link":"https:\/\/marveline.fr\/index.php\/produit\/petite-etagere-en-bois\/","title":{"rendered":"Petite \u00e9tag\u00e8re en bois"},"content":{"rendered":"<p>Petite \u00e9tag\u00e8re en bois avec 3 niveaux de 30&#215;14.5cm chacun<\/p>\n","protected":false},"excerpt":{"rendered":"<p>Id\u00e9ale pour agr\u00e9menter votre candy bar ou votre table de cadeaux\/livre d&rsquo;or<\/p>\n","protected":false},"featured_media":2757,"template":"","meta":[],"product_brand":[],"product_cat":[172,34],"product_tag":[],"class_list":{"0":"post-1188","1":"product","2":"type-product","3":"status-publish","4":"has-post-thumbnail","6":"product_cat-candy-bar","7":"product_cat-decorations-accessoires","9":"first","10":"instock","11":"shipping-taxable","12":"purchasable","13":"product-type-simple"},"yoast_head":"<!-- This site is optimized with the Yoast SEO plugin v27.3 - https:\/\/yoast.com\/product\/yoast-seo-wordpress\/ -->\n<title>Petite \u00e9tag\u00e8re en bois - Marveline<\/title>\n<meta name=\"robots\" content=\"noindex, follow\" \/>\n<meta property=\"og:locale\" content=\"fr_FR\" \/>\n<meta property=\"og:type\" content=\"article\" \/>\n<meta property=\"og:title\" content=\"Petite \u00e9tag\u00e8re en bois - Marveline\" \/>\n<meta property=\"og:description\" content=\"Id\u00e9ale pour agr\u00e9menter votre candy bar ou votre table de cadeaux\/livre d&#039;or\" \/>\n<meta property=\"og:url\" content=\"https:\/\/marveline.fr\/index.php\/produit\/petite-etagere-en-bois\/\" \/>\n<meta property=\"og:site_name\" content=\"Marveline\" \/>\n<meta property=\"article:publisher\" content=\"https:\/\/www.facebook.com\/marvelinelocation\" \/>\n<meta property=\"article:modified_time\" content=\"2025-10-02T20:25:47+00:00\" \/>\n<meta property=\"og:image\" content=\"https:\/\/marveline.fr\/wp-content\/uploads\/2025\/05\/marveline-produits-etagere-bois-2.png\" \/>\n\t<meta property=\"og:image:width\" content=\"772\" \/>\n\t<meta property=\"og:image:height\" content=\"579\" \/>\n\t<meta property=\"og:image:type\" content=\"image\/png\" \/>\n<meta name=\"twitter:card\" content=\"summary_large_image\" \/>\n<meta name=\"twitter:label1\" content=\"Dur\u00e9e de lecture estim\u00e9e\" \/>\n\t<meta name=\"twitter:data1\" content=\"1 minute\" \/>\n<script type=\"application\/ld+json\" class=\"yoast-schema-graph\">{\"@context\":\"https:\\\/\\\/schema.org\",\"@graph\":[{\"@type\":\"WebPage\",\"@id\":\"https:\\\/\\\/marveline.fr\\\/index.php\\\/produit\\\/petite-etagere-en-bois\\\/\",\"url\":\"https:\\\/\\\/marveline.fr\\\/index.php\\\/produit\\\/petite-etagere-en-bois\\\/\",\"name\":\"Petite \u00e9tag\u00e8re en bois - Marveline\",\"isPartOf\":{\"@id\":\"https:\\\/\\\/marveline.fr\\\/#website\"},\"primaryImageOfPage\":{\"@id\":\"https:\\\/\\\/marveline.fr\\\/index.php\\\/produit\\\/petite-etagere-en-bois\\\/#primaryimage\"},\"image\":{\"@id\":\"https:\\\/\\\/marveline.fr\\\/index.php\\\/produit\\\/petite-etagere-en-bois\\\/#primaryimage\"},\"thumbnailUrl\":\"https:\\\/\\\/marveline.fr\\\/wp-content\\\/uploads\\\/2025\\\/05\\\/marveline-produits-etagere-bois-2.png\",\"datePublished\":\"2020-07-22T21:27:02+00:00\",\"dateModified\":\"2025-10-02T20:25:47+00:00\",\"breadcrumb\":{\"@id\":\"https:\\\/\\\/marveline.fr\\\/index.php\\\/produit\\\/petite-etagere-en-bois\\\/#breadcrumb\"},\"inLanguage\":\"fr-FR\",\"potentialAction\":[{\"@type\":\"ReadAction\",\"target\":[\"https:\\\/\\\/marveline.fr\\\/index.php\\\/produit\\\/petite-etagere-en-bois\\\/\"]}]},{\"@type\":\"ImageObject\",\"inLanguage\":\"fr-FR\",\"@id\":\"https:\\\/\\\/marveline.fr\\\/index.php\\\/produit\\\/petite-etagere-en-bois\\\/#primaryimage\",\"url\":\"https:\\\/\\\/marveline.fr\\\/wp-content\\\/uploads\\\/2025\\\/05\\\/marveline-produits-etagere-bois-2.png\",\"contentUrl\":\"https:\\\/\\\/marveline.fr\\\/wp-content\\\/uploads\\\/2025\\\/05\\\/marveline-produits-etagere-bois-2.png\",\"width\":772,\"height\":579},{\"@type\":\"BreadcrumbList\",\"@id\":\"https:\\\/\\\/marveline.fr\\\/index.php\\\/produit\\\/petite-etagere-en-bois\\\/#breadcrumb\",\"itemListElement\":[{\"@type\":\"ListItem\",\"position\":1,\"name\":\"Accueil\",\"item\":\"https:\\\/\\\/marveline.fr\\\/\"},{\"@type\":\"ListItem\",\"position\":2,\"name\":\"Nos produits\",\"item\":\"https:\\\/\\\/marveline.fr\\\/index.php\\\/nos-produits\\\/\"},{\"@type\":\"ListItem\",\"position\":3,\"name\":\"Petite \u00e9tag\u00e8re en bois\"}]},{\"@type\":\"WebSite\",\"@id\":\"https:\\\/\\\/marveline.fr\\\/#website\",\"url\":\"https:\\\/\\\/marveline.fr\\\/\",\"name\":\"Marveline\",\"description\":\"\u00a0\u00a0Location - Vaisselle - Mat\u00e9riel - \u00c9v\u00e9nementiel\",\"publisher\":{\"@id\":\"https:\\\/\\\/marveline.fr\\\/#organization\"},\"potentialAction\":[{\"@type\":\"SearchAction\",\"target\":{\"@type\":\"EntryPoint\",\"urlTemplate\":\"https:\\\/\\\/marveline.fr\\\/?s={search_term_string}\"},\"query-input\":{\"@type\":\"PropertyValueSpecification\",\"valueRequired\":true,\"valueName\":\"search_term_string\"}}],\"inLanguage\":\"fr-FR\"},{\"@type\":\"Organization\",\"@id\":\"https:\\\/\\\/marveline.fr\\\/#organization\",\"name\":\"Marveline\",\"url\":\"https:\\\/\\\/marveline.fr\\\/\",\"logo\":{\"@type\":\"ImageObject\",\"inLanguage\":\"fr-FR\",\"@id\":\"https:\\\/\\\/marveline.fr\\\/#\\\/schema\\\/logo\\\/image\\\/\",\"url\":\"https:\\\/\\\/marveline.fr\\\/wp-content\\\/uploads\\\/2020\\\/05\\\/marveline-location-vaisselle-materiel-evenementiel-logo512.png\",\"contentUrl\":\"https:\\\/\\\/marveline.fr\\\/wp-content\\\/uploads\\\/2020\\\/05\\\/marveline-location-vaisselle-materiel-evenementiel-logo512.png\",\"width\":512,\"height\":512,\"caption\":\"Marveline\"},\"image\":{\"@id\":\"https:\\\/\\\/marveline.fr\\\/#\\\/schema\\\/logo\\\/image\\\/\"},\"sameAs\":[\"https:\\\/\\\/www.facebook.com\\\/marvelinelocation\"]}]}<\/script>\n<!-- \/ Yoast SEO plugin. -->","yoast_head_json":{"title":"Petite \u00e9tag\u00e8re en bois - Marveline","robots":{"index":"noindex","follow":"follow"},"og_locale":"fr_FR","og_type":"article","og_title":"Petite \u00e9tag\u00e8re en bois - Marveline","og_description":"Id\u00e9ale pour agr\u00e9menter votre candy bar ou votre table de cadeaux\/livre d'or","og_url":"https:\/\/marveline.fr\/index.php\/produit\/petite-etagere-en-bois\/","og_site_name":"Marveline","article_publisher":"https:\/\/www.facebook.com\/marvelinelocation","article_modified_time":"2025-10-02T20:25:47+00:00","og_image":[{"width":772,"height":579,"url":"https:\/\/marveline.fr\/wp-content\/uploads\/2025\/05\/marveline-produits-etagere-bois-2.png","type":"image\/png"}],"twitter_card":"summary_large_image","twitter_misc":{"Dur\u00e9e de lecture estim\u00e9e":"1 minute"},"schema":{"@context":"https:\/\/schema.org","@graph":[{"@type":"WebPage","@id":"https:\/\/marveline.fr\/index.php\/produit\/petite-etagere-en-bois\/","url":"https:\/\/marveline.fr\/index.php\/produit\/petite-etagere-en-bois\/","name":"Petite \u00e9tag\u00e8re en bois - Marveline","isPartOf":{"@id":"https:\/\/marveline.fr\/#website"},"primaryImageOfPage":{"@id":"https:\/\/marveline.fr\/index.php\/produit\/petite-etagere-en-bois\/#primaryimage"},"image":{"@id":"https:\/\/marveline.fr\/index.php\/produit\/petite-etagere-en-bois\/#primaryimage"},"thumbnailUrl":"https:\/\/marveline.fr\/wp-content\/uploads\/2025\/05\/marveline-produits-etagere-bois-2.png","datePublished":"2020-07-22T21:27:02+00:00","dateModified":"2025-10-02T20:25:47+00:00","breadcrumb":{"@id":"https:\/\/marveline.fr\/index.php\/produit\/petite-etagere-en-bois\/#breadcrumb"},"inLanguage":"fr-FR","potentialAction":[{"@type":"ReadAction","target":["https:\/\/marveline.fr\/index.php\/produit\/petite-etagere-en-bois\/"]}]},{"@type":"ImageObject","inLanguage":"fr-FR","@id":"https:\/\/marveline.fr\/index.php\/produit\/petite-etagere-en-bois\/#primaryimage","url":"https:\/\/marveline.fr\/wp-content\/uploads\/2025\/05\/marveline-produits-etagere-bois-2.png","contentUrl":"https:\/\/marveline.fr\/wp-content\/uploads\/2025\/05\/marveline-produits-etagere-bois-2.png","width":772,"height":579},{"@type":"BreadcrumbList","@id":"https:\/\/marveline.fr\/index.php\/produit\/petite-etagere-en-bois\/#breadcrumb","itemListElement":[{"@type":"ListItem","position":1,"name":"Accueil","item":"https:\/\/marveline.fr\/"},{"@type":"ListItem","position":2,"name":"Nos produits","item":"https:\/\/marveline.fr\/index.php\/nos-produits\/"},{"@type":"ListItem","position":3,"name":"Petite \u00e9tag\u00e8re en bois"}]},{"@type":"WebSite","@id":"https:\/\/marveline.fr\/#website","url":"https:\/\/marveline.fr\/","name":"Marveline","description":"\u00a0\u00a0Location - Vaisselle - Mat\u00e9riel - \u00c9v\u00e9nementiel","publisher":{"@id":"https:\/\/marveline.fr\/#organization"},"potentialAction":[{"@type":"SearchAction","target":{"@type":"EntryPoint","urlTemplate":"https:\/\/marveline.fr\/?s={search_term_string}"},"query-input":{"@type":"PropertyValueSpecification","valueRequired":true,"valueName":"search_term_string"}}],"inLanguage":"fr-FR"},{"@type":"Organization","@id":"https:\/\/marveline.fr\/#organization","name":"Marveline","url":"https:\/\/marveline.fr\/","logo":{"@type":"ImageObject","inLanguage":"fr-FR","@id":"https:\/\/marveline.fr\/#\/schema\/logo\/image\/","url":"https:\/\/marveline.fr\/wp-content\/uploads\/2020\/05\/marveline-location-vaisselle-materiel-evenementiel-logo512.png","contentUrl":"https:\/\/marveline.fr\/wp-content\/uploads\/2020\/05\/marveline-location-vaisselle-materiel-evenementiel-logo512.png","width":512,"height":512,"caption":"Marveline"},"image":{"@id":"https:\/\/marveline.fr\/#\/schema\/logo\/image\/"},"sameAs":["https:\/\/www.facebook.com\/marvelinelocation"]}]}},"_links":{"self":[{"href":"https:\/\/marveline.fr\/index.php\/wp-json\/wp\/v2\/product\/1188","targetHints":{"allow":["GET"]}}],"collection":[{"href":"https:\/\/marveline.fr\/index.php\/wp-json\/wp\/v2\/product"}],"about":[{"href":"https:\/\/marveline.fr\/index.php\/wp-json\/wp\/v2\/types\/product"}],"wp:featuredmedia":[{"embeddable":true,"href":"https:\/\/marveline.fr\/index.php\/wp-json\/wp\/v2\/media\/2757"}],"wp:attachment":[{"href":"https:\/\/marveline.fr\/index.php\/wp-json\/wp\/v2\/media?parent=1188"}],"wp:term":[{"taxonomy":"product_brand","embeddable":true,"href":"https:\/\/marveline.fr\/index.php\/wp-json\/wp\/v2\/product_brand?post=1188"},{"taxonomy":"product_cat","embeddable":true,"href":"https:\/\/marveline.fr\/index.php\/wp-json\/wp\/v2\/product_cat?post=1188"},{"taxonomy":"product_tag","embeddable":true,"href":"https:\/\/marveline.fr\/index.php\/wp-json\/wp\/v2\/product_tag?post=1188"}],"curies":[{"name":"wp","href":"https:\/\/api.w.org\/{rel}","templated":true}]}}