{"id":2169,"date":"2022-09-15T21:11:14","date_gmt":"2022-09-15T19:11:14","guid":{"rendered":"https:\/\/marveline.fr\/?post_type=product&#038;p=2169"},"modified":"2023-11-01T21:54:30","modified_gmt":"2023-11-01T20:54:30","slug":"assiette-carree-elegance-27cm-2","status":"publish","type":"product","link":"https:\/\/marveline.fr\/index.php\/produit\/assiette-carree-elegance-27cm-2\/","title":{"rendered":"Assiette carr\u00e9e \u00e9l\u00e9gance 27cm"},"content":{"rendered":"<p>Assiette carr\u00e9e de la gamme \u00e9l\u00e9gance de couleur blanche<\/p>\n<p>Son format est id\u00e9al pour le plat principal<\/p>\n<p>Donnera un c\u00f4t\u00e9 moderne \u00e0 votre table avec sa forme en goutte d&#8217;eau<\/p>\n","protected":false},"excerpt":{"rendered":"<p>Donnera un c\u00f4t\u00e9 moderne \u00e0 votre table<\/p>\n","protected":false},"featured_media":2170,"template":"","meta":[],"product_brand":[],"product_cat":[21],"product_tag":[],"class_list":{"0":"post-2169","1":"product","2":"type-product","3":"status-publish","4":"has-post-thumbnail","6":"product_cat-assiettes","8":"first","9":"instock","10":"shipping-taxable","11":"purchasable","12":"product-type-simple"},"yoast_head":"<!-- This site is optimized with the Yoast SEO plugin v27.3 - https:\/\/yoast.com\/product\/yoast-seo-wordpress\/ -->\n<title>Assiette carr\u00e9e \u00e9l\u00e9gance 27cm - Marveline<\/title>\n<meta name=\"robots\" content=\"noindex, follow\" \/>\n<meta property=\"og:locale\" content=\"fr_FR\" \/>\n<meta property=\"og:type\" content=\"article\" \/>\n<meta property=\"og:title\" content=\"Assiette carr\u00e9e \u00e9l\u00e9gance 27cm - Marveline\" \/>\n<meta property=\"og:description\" content=\"Donnera un c\u00f4t\u00e9 moderne \u00e0 votre table\" \/>\n<meta property=\"og:url\" content=\"https:\/\/marveline.fr\/index.php\/produit\/assiette-carree-elegance-27cm-2\/\" \/>\n<meta property=\"og:site_name\" content=\"Marveline\" \/>\n<meta property=\"article:publisher\" content=\"https:\/\/www.facebook.com\/marvelinelocation\" \/>\n<meta property=\"article:modified_time\" content=\"2023-11-01T20:54:30+00:00\" \/>\n<meta property=\"og:image\" content=\"https:\/\/marveline.fr\/wp-content\/uploads\/2022\/09\/marveline-produits-assiettes-carrees-elegance.jpeg\" \/>\n\t<meta property=\"og:image:width\" content=\"1200\" \/>\n\t<meta property=\"og:image:height\" content=\"1178\" \/>\n\t<meta property=\"og:image:type\" content=\"image\/jpeg\" \/>\n<meta name=\"twitter:card\" content=\"summary_large_image\" \/>\n<meta name=\"twitter:label1\" content=\"Dur\u00e9e de lecture estim\u00e9e\" \/>\n\t<meta name=\"twitter:data1\" content=\"1 minute\" \/>\n<script type=\"application\/ld+json\" class=\"yoast-schema-graph\">{\"@context\":\"https:\\\/\\\/schema.org\",\"@graph\":[{\"@type\":\"WebPage\",\"@id\":\"https:\\\/\\\/marveline.fr\\\/index.php\\\/produit\\\/assiette-carree-elegance-27cm-2\\\/\",\"url\":\"https:\\\/\\\/marveline.fr\\\/index.php\\\/produit\\\/assiette-carree-elegance-27cm-2\\\/\",\"name\":\"Assiette carr\u00e9e \u00e9l\u00e9gance 27cm - Marveline\",\"isPartOf\":{\"@id\":\"https:\\\/\\\/marveline.fr\\\/#website\"},\"primaryImageOfPage\":{\"@id\":\"https:\\\/\\\/marveline.fr\\\/index.php\\\/produit\\\/assiette-carree-elegance-27cm-2\\\/#primaryimage\"},\"image\":{\"@id\":\"https:\\\/\\\/marveline.fr\\\/index.php\\\/produit\\\/assiette-carree-elegance-27cm-2\\\/#primaryimage\"},\"thumbnailUrl\":\"https:\\\/\\\/marveline.fr\\\/wp-content\\\/uploads\\\/2022\\\/09\\\/marveline-produits-assiettes-carrees-elegance.jpeg\",\"datePublished\":\"2022-09-15T19:11:14+00:00\",\"dateModified\":\"2023-11-01T20:54:30+00:00\",\"breadcrumb\":{\"@id\":\"https:\\\/\\\/marveline.fr\\\/index.php\\\/produit\\\/assiette-carree-elegance-27cm-2\\\/#breadcrumb\"},\"inLanguage\":\"fr-FR\",\"potentialAction\":[{\"@type\":\"ReadAction\",\"target\":[\"https:\\\/\\\/marveline.fr\\\/index.php\\\/produit\\\/assiette-carree-elegance-27cm-2\\\/\"]}]},{\"@type\":\"ImageObject\",\"inLanguage\":\"fr-FR\",\"@id\":\"https:\\\/\\\/marveline.fr\\\/index.php\\\/produit\\\/assiette-carree-elegance-27cm-2\\\/#primaryimage\",\"url\":\"https:\\\/\\\/marveline.fr\\\/wp-content\\\/uploads\\\/2022\\\/09\\\/marveline-produits-assiettes-carrees-elegance.jpeg\",\"contentUrl\":\"https:\\\/\\\/marveline.fr\\\/wp-content\\\/uploads\\\/2022\\\/09\\\/marveline-produits-assiettes-carrees-elegance.jpeg\",\"width\":1200,\"height\":1178},{\"@type\":\"BreadcrumbList\",\"@id\":\"https:\\\/\\\/marveline.fr\\\/index.php\\\/produit\\\/assiette-carree-elegance-27cm-2\\\/#breadcrumb\",\"itemListElement\":[{\"@type\":\"ListItem\",\"position\":1,\"name\":\"Accueil\",\"item\":\"https:\\\/\\\/marveline.fr\\\/\"},{\"@type\":\"ListItem\",\"position\":2,\"name\":\"Nos produits\",\"item\":\"https:\\\/\\\/marveline.fr\\\/index.php\\\/nos-produits\\\/\"},{\"@type\":\"ListItem\",\"position\":3,\"name\":\"Assiette carr\u00e9e \u00e9l\u00e9gance 27cm\"}]},{\"@type\":\"WebSite\",\"@id\":\"https:\\\/\\\/marveline.fr\\\/#website\",\"url\":\"https:\\\/\\\/marveline.fr\\\/\",\"name\":\"Marveline\",\"description\":\"\u00a0\u00a0Location - Vaisselle - Mat\u00e9riel - \u00c9v\u00e9nementiel\",\"publisher\":{\"@id\":\"https:\\\/\\\/marveline.fr\\\/#organization\"},\"potentialAction\":[{\"@type\":\"SearchAction\",\"target\":{\"@type\":\"EntryPoint\",\"urlTemplate\":\"https:\\\/\\\/marveline.fr\\\/?s={search_term_string}\"},\"query-input\":{\"@type\":\"PropertyValueSpecification\",\"valueRequired\":true,\"valueName\":\"search_term_string\"}}],\"inLanguage\":\"fr-FR\"},{\"@type\":\"Organization\",\"@id\":\"https:\\\/\\\/marveline.fr\\\/#organization\",\"name\":\"Marveline\",\"url\":\"https:\\\/\\\/marveline.fr\\\/\",\"logo\":{\"@type\":\"ImageObject\",\"inLanguage\":\"fr-FR\",\"@id\":\"https:\\\/\\\/marveline.fr\\\/#\\\/schema\\\/logo\\\/image\\\/\",\"url\":\"https:\\\/\\\/marveline.fr\\\/wp-content\\\/uploads\\\/2020\\\/05\\\/marveline-location-vaisselle-materiel-evenementiel-logo512.png\",\"contentUrl\":\"https:\\\/\\\/marveline.fr\\\/wp-content\\\/uploads\\\/2020\\\/05\\\/marveline-location-vaisselle-materiel-evenementiel-logo512.png\",\"width\":512,\"height\":512,\"caption\":\"Marveline\"},\"image\":{\"@id\":\"https:\\\/\\\/marveline.fr\\\/#\\\/schema\\\/logo\\\/image\\\/\"},\"sameAs\":[\"https:\\\/\\\/www.facebook.com\\\/marvelinelocation\"]}]}<\/script>\n<!-- \/ Yoast SEO plugin. -->","yoast_head_json":{"title":"Assiette carr\u00e9e \u00e9l\u00e9gance 27cm - Marveline","robots":{"index":"noindex","follow":"follow"},"og_locale":"fr_FR","og_type":"article","og_title":"Assiette carr\u00e9e \u00e9l\u00e9gance 27cm - Marveline","og_description":"Donnera un c\u00f4t\u00e9 moderne \u00e0 votre table","og_url":"https:\/\/marveline.fr\/index.php\/produit\/assiette-carree-elegance-27cm-2\/","og_site_name":"Marveline","article_publisher":"https:\/\/www.facebook.com\/marvelinelocation","article_modified_time":"2023-11-01T20:54:30+00:00","og_image":[{"width":1200,"height":1178,"url":"https:\/\/marveline.fr\/wp-content\/uploads\/2022\/09\/marveline-produits-assiettes-carrees-elegance.jpeg","type":"image\/jpeg"}],"twitter_card":"summary_large_image","twitter_misc":{"Dur\u00e9e de lecture estim\u00e9e":"1 minute"},"schema":{"@context":"https:\/\/schema.org","@graph":[{"@type":"WebPage","@id":"https:\/\/marveline.fr\/index.php\/produit\/assiette-carree-elegance-27cm-2\/","url":"https:\/\/marveline.fr\/index.php\/produit\/assiette-carree-elegance-27cm-2\/","name":"Assiette carr\u00e9e \u00e9l\u00e9gance 27cm - Marveline","isPartOf":{"@id":"https:\/\/marveline.fr\/#website"},"primaryImageOfPage":{"@id":"https:\/\/marveline.fr\/index.php\/produit\/assiette-carree-elegance-27cm-2\/#primaryimage"},"image":{"@id":"https:\/\/marveline.fr\/index.php\/produit\/assiette-carree-elegance-27cm-2\/#primaryimage"},"thumbnailUrl":"https:\/\/marveline.fr\/wp-content\/uploads\/2022\/09\/marveline-produits-assiettes-carrees-elegance.jpeg","datePublished":"2022-09-15T19:11:14+00:00","dateModified":"2023-11-01T20:54:30+00:00","breadcrumb":{"@id":"https:\/\/marveline.fr\/index.php\/produit\/assiette-carree-elegance-27cm-2\/#breadcrumb"},"inLanguage":"fr-FR","potentialAction":[{"@type":"ReadAction","target":["https:\/\/marveline.fr\/index.php\/produit\/assiette-carree-elegance-27cm-2\/"]}]},{"@type":"ImageObject","inLanguage":"fr-FR","@id":"https:\/\/marveline.fr\/index.php\/produit\/assiette-carree-elegance-27cm-2\/#primaryimage","url":"https:\/\/marveline.fr\/wp-content\/uploads\/2022\/09\/marveline-produits-assiettes-carrees-elegance.jpeg","contentUrl":"https:\/\/marveline.fr\/wp-content\/uploads\/2022\/09\/marveline-produits-assiettes-carrees-elegance.jpeg","width":1200,"height":1178},{"@type":"BreadcrumbList","@id":"https:\/\/marveline.fr\/index.php\/produit\/assiette-carree-elegance-27cm-2\/#breadcrumb","itemListElement":[{"@type":"ListItem","position":1,"name":"Accueil","item":"https:\/\/marveline.fr\/"},{"@type":"ListItem","position":2,"name":"Nos produits","item":"https:\/\/marveline.fr\/index.php\/nos-produits\/"},{"@type":"ListItem","position":3,"name":"Assiette carr\u00e9e \u00e9l\u00e9gance 27cm"}]},{"@type":"WebSite","@id":"https:\/\/marveline.fr\/#website","url":"https:\/\/marveline.fr\/","name":"Marveline","description":"\u00a0\u00a0Location - Vaisselle - Mat\u00e9riel - \u00c9v\u00e9nementiel","publisher":{"@id":"https:\/\/marveline.fr\/#organization"},"potentialAction":[{"@type":"SearchAction","target":{"@type":"EntryPoint","urlTemplate":"https:\/\/marveline.fr\/?s={search_term_string}"},"query-input":{"@type":"PropertyValueSpecification","valueRequired":true,"valueName":"search_term_string"}}],"inLanguage":"fr-FR"},{"@type":"Organization","@id":"https:\/\/marveline.fr\/#organization","name":"Marveline","url":"https:\/\/marveline.fr\/","logo":{"@type":"ImageObject","inLanguage":"fr-FR","@id":"https:\/\/marveline.fr\/#\/schema\/logo\/image\/","url":"https:\/\/marveline.fr\/wp-content\/uploads\/2020\/05\/marveline-location-vaisselle-materiel-evenementiel-logo512.png","contentUrl":"https:\/\/marveline.fr\/wp-content\/uploads\/2020\/05\/marveline-location-vaisselle-materiel-evenementiel-logo512.png","width":512,"height":512,"caption":"Marveline"},"image":{"@id":"https:\/\/marveline.fr\/#\/schema\/logo\/image\/"},"sameAs":["https:\/\/www.facebook.com\/marvelinelocation"]}]}},"_links":{"self":[{"href":"https:\/\/marveline.fr\/index.php\/wp-json\/wp\/v2\/product\/2169","targetHints":{"allow":["GET"]}}],"collection":[{"href":"https:\/\/marveline.fr\/index.php\/wp-json\/wp\/v2\/product"}],"about":[{"href":"https:\/\/marveline.fr\/index.php\/wp-json\/wp\/v2\/types\/product"}],"wp:featuredmedia":[{"embeddable":true,"href":"https:\/\/marveline.fr\/index.php\/wp-json\/wp\/v2\/media\/2170"}],"wp:attachment":[{"href":"https:\/\/marveline.fr\/index.php\/wp-json\/wp\/v2\/media?parent=2169"}],"wp:term":[{"taxonomy":"product_brand","embeddable":true,"href":"https:\/\/marveline.fr\/index.php\/wp-json\/wp\/v2\/product_brand?post=2169"},{"taxonomy":"product_cat","embeddable":true,"href":"https:\/\/marveline.fr\/index.php\/wp-json\/wp\/v2\/product_cat?post=2169"},{"taxonomy":"product_tag","embeddable":true,"href":"https:\/\/marveline.fr\/index.php\/wp-json\/wp\/v2\/product_tag?post=2169"}],"curies":[{"name":"wp","href":"https:\/\/api.w.org\/{rel}","templated":true}]}}