{"id":2402,"date":"2023-07-06T21:36:48","date_gmt":"2023-07-06T19:36:48","guid":{"rendered":"https:\/\/marveline.fr\/?post_type=product&#038;p=2402"},"modified":"2023-10-30T23:36:01","modified_gmt":"2023-10-30T22:36:01","slug":"nappe-rectangulaire-coton-200x240cm","status":"publish","type":"product","link":"https:\/\/marveline.fr\/index.php\/produit\/nappe-rectangulaire-coton-200x240cm\/","title":{"rendered":"Nappe rectangulaire coton 200x240cm"},"content":{"rendered":"<p><i class=\"fas fa-exclamation-triangle\"><\/i><i> Quantit\u00e9 limit\u00e9e<\/i><\/p>\n","protected":false},"excerpt":{"rendered":"<p>Quantit\u00e9 limit\u00e9e<\/p>\n","protected":false},"featured_media":2302,"template":"","meta":[],"product_brand":[],"product_cat":[32],"product_tag":[],"class_list":{"0":"post-2402","1":"product","2":"type-product","3":"status-publish","4":"has-post-thumbnail","6":"product_cat-nappes","8":"first","9":"instock","10":"shipping-taxable","11":"purchasable","12":"product-type-simple"},"yoast_head":"<!-- This site is optimized with the Yoast SEO plugin v27.3 - https:\/\/yoast.com\/product\/yoast-seo-wordpress\/ -->\n<title>Nappe rectangulaire coton 200x240cm - Marveline<\/title>\n<meta name=\"robots\" content=\"noindex, follow\" \/>\n<meta property=\"og:locale\" content=\"fr_FR\" \/>\n<meta property=\"og:type\" content=\"article\" \/>\n<meta property=\"og:title\" content=\"Nappe rectangulaire coton 200x240cm - Marveline\" \/>\n<meta property=\"og:description\" content=\"Quantit\u00e9 limit\u00e9e\" \/>\n<meta property=\"og:url\" content=\"https:\/\/marveline.fr\/index.php\/produit\/nappe-rectangulaire-coton-200x240cm\/\" \/>\n<meta property=\"og:site_name\" content=\"Marveline\" \/>\n<meta property=\"article:publisher\" content=\"https:\/\/www.facebook.com\/marvelinelocation\" \/>\n<meta property=\"article:modified_time\" content=\"2023-10-30T22:36:01+00:00\" \/>\n<meta property=\"og:image\" content=\"https:\/\/marveline.fr\/wp-content\/uploads\/2022\/08\/marveline-produits-nappe-rectangulaire.jpg\" \/>\n\t<meta property=\"og:image:width\" content=\"1200\" \/>\n\t<meta property=\"og:image:height\" content=\"1200\" \/>\n\t<meta property=\"og:image:type\" content=\"image\/jpeg\" \/>\n<meta name=\"twitter:card\" content=\"summary_large_image\" \/>\n<script type=\"application\/ld+json\" class=\"yoast-schema-graph\">{\"@context\":\"https:\\\/\\\/schema.org\",\"@graph\":[{\"@type\":\"WebPage\",\"@id\":\"https:\\\/\\\/marveline.fr\\\/index.php\\\/produit\\\/nappe-rectangulaire-coton-200x240cm\\\/\",\"url\":\"https:\\\/\\\/marveline.fr\\\/index.php\\\/produit\\\/nappe-rectangulaire-coton-200x240cm\\\/\",\"name\":\"Nappe rectangulaire coton 200x240cm - Marveline\",\"isPartOf\":{\"@id\":\"https:\\\/\\\/marveline.fr\\\/#website\"},\"primaryImageOfPage\":{\"@id\":\"https:\\\/\\\/marveline.fr\\\/index.php\\\/produit\\\/nappe-rectangulaire-coton-200x240cm\\\/#primaryimage\"},\"image\":{\"@id\":\"https:\\\/\\\/marveline.fr\\\/index.php\\\/produit\\\/nappe-rectangulaire-coton-200x240cm\\\/#primaryimage\"},\"thumbnailUrl\":\"https:\\\/\\\/marveline.fr\\\/wp-content\\\/uploads\\\/2022\\\/08\\\/marveline-produits-nappe-rectangulaire.jpg\",\"datePublished\":\"2023-07-06T19:36:48+00:00\",\"dateModified\":\"2023-10-30T22:36:01+00:00\",\"breadcrumb\":{\"@id\":\"https:\\\/\\\/marveline.fr\\\/index.php\\\/produit\\\/nappe-rectangulaire-coton-200x240cm\\\/#breadcrumb\"},\"inLanguage\":\"fr-FR\",\"potentialAction\":[{\"@type\":\"ReadAction\",\"target\":[\"https:\\\/\\\/marveline.fr\\\/index.php\\\/produit\\\/nappe-rectangulaire-coton-200x240cm\\\/\"]}]},{\"@type\":\"ImageObject\",\"inLanguage\":\"fr-FR\",\"@id\":\"https:\\\/\\\/marveline.fr\\\/index.php\\\/produit\\\/nappe-rectangulaire-coton-200x240cm\\\/#primaryimage\",\"url\":\"https:\\\/\\\/marveline.fr\\\/wp-content\\\/uploads\\\/2022\\\/08\\\/marveline-produits-nappe-rectangulaire.jpg\",\"contentUrl\":\"https:\\\/\\\/marveline.fr\\\/wp-content\\\/uploads\\\/2022\\\/08\\\/marveline-produits-nappe-rectangulaire.jpg\",\"width\":1200,\"height\":1200},{\"@type\":\"BreadcrumbList\",\"@id\":\"https:\\\/\\\/marveline.fr\\\/index.php\\\/produit\\\/nappe-rectangulaire-coton-200x240cm\\\/#breadcrumb\",\"itemListElement\":[{\"@type\":\"ListItem\",\"position\":1,\"name\":\"Accueil\",\"item\":\"https:\\\/\\\/marveline.fr\\\/\"},{\"@type\":\"ListItem\",\"position\":2,\"name\":\"Nos produits\",\"item\":\"https:\\\/\\\/marveline.fr\\\/index.php\\\/nos-produits\\\/\"},{\"@type\":\"ListItem\",\"position\":3,\"name\":\"Nappe rectangulaire coton 200x240cm\"}]},{\"@type\":\"WebSite\",\"@id\":\"https:\\\/\\\/marveline.fr\\\/#website\",\"url\":\"https:\\\/\\\/marveline.fr\\\/\",\"name\":\"Marveline\",\"description\":\"\u00a0\u00a0Location - Vaisselle - Mat\u00e9riel - \u00c9v\u00e9nementiel\",\"publisher\":{\"@id\":\"https:\\\/\\\/marveline.fr\\\/#organization\"},\"potentialAction\":[{\"@type\":\"SearchAction\",\"target\":{\"@type\":\"EntryPoint\",\"urlTemplate\":\"https:\\\/\\\/marveline.fr\\\/?s={search_term_string}\"},\"query-input\":{\"@type\":\"PropertyValueSpecification\",\"valueRequired\":true,\"valueName\":\"search_term_string\"}}],\"inLanguage\":\"fr-FR\"},{\"@type\":\"Organization\",\"@id\":\"https:\\\/\\\/marveline.fr\\\/#organization\",\"name\":\"Marveline\",\"url\":\"https:\\\/\\\/marveline.fr\\\/\",\"logo\":{\"@type\":\"ImageObject\",\"inLanguage\":\"fr-FR\",\"@id\":\"https:\\\/\\\/marveline.fr\\\/#\\\/schema\\\/logo\\\/image\\\/\",\"url\":\"https:\\\/\\\/marveline.fr\\\/wp-content\\\/uploads\\\/2020\\\/05\\\/marveline-location-vaisselle-materiel-evenementiel-logo512.png\",\"contentUrl\":\"https:\\\/\\\/marveline.fr\\\/wp-content\\\/uploads\\\/2020\\\/05\\\/marveline-location-vaisselle-materiel-evenementiel-logo512.png\",\"width\":512,\"height\":512,\"caption\":\"Marveline\"},\"image\":{\"@id\":\"https:\\\/\\\/marveline.fr\\\/#\\\/schema\\\/logo\\\/image\\\/\"},\"sameAs\":[\"https:\\\/\\\/www.facebook.com\\\/marvelinelocation\"]}]}<\/script>\n<!-- \/ Yoast SEO plugin. -->","yoast_head_json":{"title":"Nappe rectangulaire coton 200x240cm - Marveline","robots":{"index":"noindex","follow":"follow"},"og_locale":"fr_FR","og_type":"article","og_title":"Nappe rectangulaire coton 200x240cm - Marveline","og_description":"Quantit\u00e9 limit\u00e9e","og_url":"https:\/\/marveline.fr\/index.php\/produit\/nappe-rectangulaire-coton-200x240cm\/","og_site_name":"Marveline","article_publisher":"https:\/\/www.facebook.com\/marvelinelocation","article_modified_time":"2023-10-30T22:36:01+00:00","og_image":[{"width":1200,"height":1200,"url":"https:\/\/marveline.fr\/wp-content\/uploads\/2022\/08\/marveline-produits-nappe-rectangulaire.jpg","type":"image\/jpeg"}],"twitter_card":"summary_large_image","schema":{"@context":"https:\/\/schema.org","@graph":[{"@type":"WebPage","@id":"https:\/\/marveline.fr\/index.php\/produit\/nappe-rectangulaire-coton-200x240cm\/","url":"https:\/\/marveline.fr\/index.php\/produit\/nappe-rectangulaire-coton-200x240cm\/","name":"Nappe rectangulaire coton 200x240cm - Marveline","isPartOf":{"@id":"https:\/\/marveline.fr\/#website"},"primaryImageOfPage":{"@id":"https:\/\/marveline.fr\/index.php\/produit\/nappe-rectangulaire-coton-200x240cm\/#primaryimage"},"image":{"@id":"https:\/\/marveline.fr\/index.php\/produit\/nappe-rectangulaire-coton-200x240cm\/#primaryimage"},"thumbnailUrl":"https:\/\/marveline.fr\/wp-content\/uploads\/2022\/08\/marveline-produits-nappe-rectangulaire.jpg","datePublished":"2023-07-06T19:36:48+00:00","dateModified":"2023-10-30T22:36:01+00:00","breadcrumb":{"@id":"https:\/\/marveline.fr\/index.php\/produit\/nappe-rectangulaire-coton-200x240cm\/#breadcrumb"},"inLanguage":"fr-FR","potentialAction":[{"@type":"ReadAction","target":["https:\/\/marveline.fr\/index.php\/produit\/nappe-rectangulaire-coton-200x240cm\/"]}]},{"@type":"ImageObject","inLanguage":"fr-FR","@id":"https:\/\/marveline.fr\/index.php\/produit\/nappe-rectangulaire-coton-200x240cm\/#primaryimage","url":"https:\/\/marveline.fr\/wp-content\/uploads\/2022\/08\/marveline-produits-nappe-rectangulaire.jpg","contentUrl":"https:\/\/marveline.fr\/wp-content\/uploads\/2022\/08\/marveline-produits-nappe-rectangulaire.jpg","width":1200,"height":1200},{"@type":"BreadcrumbList","@id":"https:\/\/marveline.fr\/index.php\/produit\/nappe-rectangulaire-coton-200x240cm\/#breadcrumb","itemListElement":[{"@type":"ListItem","position":1,"name":"Accueil","item":"https:\/\/marveline.fr\/"},{"@type":"ListItem","position":2,"name":"Nos produits","item":"https:\/\/marveline.fr\/index.php\/nos-produits\/"},{"@type":"ListItem","position":3,"name":"Nappe rectangulaire coton 200x240cm"}]},{"@type":"WebSite","@id":"https:\/\/marveline.fr\/#website","url":"https:\/\/marveline.fr\/","name":"Marveline","description":"\u00a0\u00a0Location - Vaisselle - Mat\u00e9riel - \u00c9v\u00e9nementiel","publisher":{"@id":"https:\/\/marveline.fr\/#organization"},"potentialAction":[{"@type":"SearchAction","target":{"@type":"EntryPoint","urlTemplate":"https:\/\/marveline.fr\/?s={search_term_string}"},"query-input":{"@type":"PropertyValueSpecification","valueRequired":true,"valueName":"search_term_string"}}],"inLanguage":"fr-FR"},{"@type":"Organization","@id":"https:\/\/marveline.fr\/#organization","name":"Marveline","url":"https:\/\/marveline.fr\/","logo":{"@type":"ImageObject","inLanguage":"fr-FR","@id":"https:\/\/marveline.fr\/#\/schema\/logo\/image\/","url":"https:\/\/marveline.fr\/wp-content\/uploads\/2020\/05\/marveline-location-vaisselle-materiel-evenementiel-logo512.png","contentUrl":"https:\/\/marveline.fr\/wp-content\/uploads\/2020\/05\/marveline-location-vaisselle-materiel-evenementiel-logo512.png","width":512,"height":512,"caption":"Marveline"},"image":{"@id":"https:\/\/marveline.fr\/#\/schema\/logo\/image\/"},"sameAs":["https:\/\/www.facebook.com\/marvelinelocation"]}]}},"_links":{"self":[{"href":"https:\/\/marveline.fr\/index.php\/wp-json\/wp\/v2\/product\/2402","targetHints":{"allow":["GET"]}}],"collection":[{"href":"https:\/\/marveline.fr\/index.php\/wp-json\/wp\/v2\/product"}],"about":[{"href":"https:\/\/marveline.fr\/index.php\/wp-json\/wp\/v2\/types\/product"}],"wp:featuredmedia":[{"embeddable":true,"href":"https:\/\/marveline.fr\/index.php\/wp-json\/wp\/v2\/media\/2302"}],"wp:attachment":[{"href":"https:\/\/marveline.fr\/index.php\/wp-json\/wp\/v2\/media?parent=2402"}],"wp:term":[{"taxonomy":"product_brand","embeddable":true,"href":"https:\/\/marveline.fr\/index.php\/wp-json\/wp\/v2\/product_brand?post=2402"},{"taxonomy":"product_cat","embeddable":true,"href":"https:\/\/marveline.fr\/index.php\/wp-json\/wp\/v2\/product_cat?post=2402"},{"taxonomy":"product_tag","embeddable":true,"href":"https:\/\/marveline.fr\/index.php\/wp-json\/wp\/v2\/product_tag?post=2402"}],"curies":[{"name":"wp","href":"https:\/\/api.w.org\/{rel}","templated":true}]}}