{"id":2968,"date":"2026-03-30T23:42:18","date_gmt":"2026-03-30T21:42:18","guid":{"rendered":"https:\/\/marveline.fr\/?post_type=product&#038;p=2968"},"modified":"2026-03-31T00:07:48","modified_gmt":"2026-03-30T22:07:48","slug":"table-vague-5-personnes","status":"publish","type":"product","link":"https:\/\/marveline.fr\/index.php\/produit\/table-vague-5-personnes\/","title":{"rendered":"Table vague (module pour 5 personnes)"},"content":{"rendered":"<p>\u00c9l\u00e9ment de table en forme de quart de cercle, id\u00e9al pour cr\u00e9er des configurations originales :<\/p>\n<ul>\n<li><strong>Tables rondes<\/strong> (4 \u00e9l\u00e9ments = \u00d8 3\u202fm)<\/li>\n<li><strong>Formes en S<\/strong> pour des buffets fluides et \u00e9l\u00e9gants<\/li>\n<li><strong>Courbes, vagues ou demi-cercles<\/strong> selon vos envies<\/li>\n<\/ul>\n<p>Chaque module accueille <strong>jusqu\u2019\u00e0 5 personnes<\/strong>, parfait pour les r\u00e9ceptions, buffets, cocktails et mises en sc\u00e8ne \u00e9v\u00e9nementielles.<\/p>\n<p><i class=\"fas fa-exclamation-triangle\"><\/i><i> Quantit\u00e9 limit\u00e9e<\/i><\/p>\n<p>Nappe coton adapt\u00e9e disponible<\/p>\n","protected":false},"excerpt":{"rendered":"<p>Id\u00e9ale pour une table d&rsquo;honneur originale<\/p>\n","protected":false},"featured_media":2971,"template":"","meta":[],"product_brand":[],"product_cat":[25,27],"product_tag":[],"class_list":{"0":"post-2968","1":"product","2":"type-product","3":"status-publish","4":"has-post-thumbnail","6":"product_cat-mobilier","7":"product_cat-tables","9":"first","10":"instock","11":"sold-individually","12":"shipping-taxable","13":"purchasable","14":"product-type-simple"},"yoast_head":"<!-- This site is optimized with the Yoast SEO plugin v27.3 - https:\/\/yoast.com\/product\/yoast-seo-wordpress\/ -->\n<title>Table vague (module pour 5 personnes) - Marveline<\/title>\n<meta name=\"robots\" content=\"noindex, follow\" \/>\n<meta property=\"og:locale\" content=\"fr_FR\" \/>\n<meta property=\"og:type\" content=\"article\" \/>\n<meta property=\"og:title\" content=\"Table vague (module pour 5 personnes) - Marveline\" \/>\n<meta property=\"og:description\" content=\"Id\u00e9ale pour une table d&#039;honneur originale\" \/>\n<meta property=\"og:url\" content=\"https:\/\/marveline.fr\/index.php\/produit\/table-vague-5-personnes\/\" \/>\n<meta property=\"og:site_name\" content=\"Marveline\" \/>\n<meta property=\"article:publisher\" content=\"https:\/\/www.facebook.com\/marvelinelocation\" \/>\n<meta property=\"article:modified_time\" content=\"2026-03-30T22:07:48+00:00\" \/>\n<meta property=\"og:image\" content=\"https:\/\/marveline.fr\/wp-content\/uploads\/2026\/03\/marveline-produits-table-vague-2.png\" \/>\n\t<meta property=\"og:image:width\" content=\"750\" \/>\n\t<meta property=\"og:image:height\" content=\"750\" \/>\n\t<meta property=\"og:image:type\" content=\"image\/png\" \/>\n<meta name=\"twitter:card\" content=\"summary_large_image\" \/>\n<meta name=\"twitter:label1\" content=\"Dur\u00e9e de lecture estim\u00e9e\" \/>\n\t<meta name=\"twitter:data1\" content=\"1 minute\" \/>\n<script type=\"application\/ld+json\" class=\"yoast-schema-graph\">{\"@context\":\"https:\\\/\\\/schema.org\",\"@graph\":[{\"@type\":\"WebPage\",\"@id\":\"https:\\\/\\\/marveline.fr\\\/index.php\\\/produit\\\/table-vague-5-personnes\\\/\",\"url\":\"https:\\\/\\\/marveline.fr\\\/index.php\\\/produit\\\/table-vague-5-personnes\\\/\",\"name\":\"Table vague (module pour 5 personnes) - Marveline\",\"isPartOf\":{\"@id\":\"https:\\\/\\\/marveline.fr\\\/#website\"},\"primaryImageOfPage\":{\"@id\":\"https:\\\/\\\/marveline.fr\\\/index.php\\\/produit\\\/table-vague-5-personnes\\\/#primaryimage\"},\"image\":{\"@id\":\"https:\\\/\\\/marveline.fr\\\/index.php\\\/produit\\\/table-vague-5-personnes\\\/#primaryimage\"},\"thumbnailUrl\":\"https:\\\/\\\/marveline.fr\\\/wp-content\\\/uploads\\\/2026\\\/03\\\/marveline-produits-table-vague-2.png\",\"datePublished\":\"2026-03-30T21:42:18+00:00\",\"dateModified\":\"2026-03-30T22:07:48+00:00\",\"breadcrumb\":{\"@id\":\"https:\\\/\\\/marveline.fr\\\/index.php\\\/produit\\\/table-vague-5-personnes\\\/#breadcrumb\"},\"inLanguage\":\"fr-FR\",\"potentialAction\":[{\"@type\":\"ReadAction\",\"target\":[\"https:\\\/\\\/marveline.fr\\\/index.php\\\/produit\\\/table-vague-5-personnes\\\/\"]}]},{\"@type\":\"ImageObject\",\"inLanguage\":\"fr-FR\",\"@id\":\"https:\\\/\\\/marveline.fr\\\/index.php\\\/produit\\\/table-vague-5-personnes\\\/#primaryimage\",\"url\":\"https:\\\/\\\/marveline.fr\\\/wp-content\\\/uploads\\\/2026\\\/03\\\/marveline-produits-table-vague-2.png\",\"contentUrl\":\"https:\\\/\\\/marveline.fr\\\/wp-content\\\/uploads\\\/2026\\\/03\\\/marveline-produits-table-vague-2.png\",\"width\":750,\"height\":750},{\"@type\":\"BreadcrumbList\",\"@id\":\"https:\\\/\\\/marveline.fr\\\/index.php\\\/produit\\\/table-vague-5-personnes\\\/#breadcrumb\",\"itemListElement\":[{\"@type\":\"ListItem\",\"position\":1,\"name\":\"Accueil\",\"item\":\"https:\\\/\\\/marveline.fr\\\/\"},{\"@type\":\"ListItem\",\"position\":2,\"name\":\"Nos produits\",\"item\":\"https:\\\/\\\/marveline.fr\\\/index.php\\\/nos-produits\\\/\"},{\"@type\":\"ListItem\",\"position\":3,\"name\":\"Table vague (module pour 5 personnes)\"}]},{\"@type\":\"WebSite\",\"@id\":\"https:\\\/\\\/marveline.fr\\\/#website\",\"url\":\"https:\\\/\\\/marveline.fr\\\/\",\"name\":\"Marveline\",\"description\":\"\u00a0\u00a0Location - Vaisselle - Mat\u00e9riel - \u00c9v\u00e9nementiel\",\"publisher\":{\"@id\":\"https:\\\/\\\/marveline.fr\\\/#organization\"},\"potentialAction\":[{\"@type\":\"SearchAction\",\"target\":{\"@type\":\"EntryPoint\",\"urlTemplate\":\"https:\\\/\\\/marveline.fr\\\/?s={search_term_string}\"},\"query-input\":{\"@type\":\"PropertyValueSpecification\",\"valueRequired\":true,\"valueName\":\"search_term_string\"}}],\"inLanguage\":\"fr-FR\"},{\"@type\":\"Organization\",\"@id\":\"https:\\\/\\\/marveline.fr\\\/#organization\",\"name\":\"Marveline\",\"url\":\"https:\\\/\\\/marveline.fr\\\/\",\"logo\":{\"@type\":\"ImageObject\",\"inLanguage\":\"fr-FR\",\"@id\":\"https:\\\/\\\/marveline.fr\\\/#\\\/schema\\\/logo\\\/image\\\/\",\"url\":\"https:\\\/\\\/marveline.fr\\\/wp-content\\\/uploads\\\/2020\\\/05\\\/marveline-location-vaisselle-materiel-evenementiel-logo512.png\",\"contentUrl\":\"https:\\\/\\\/marveline.fr\\\/wp-content\\\/uploads\\\/2020\\\/05\\\/marveline-location-vaisselle-materiel-evenementiel-logo512.png\",\"width\":512,\"height\":512,\"caption\":\"Marveline\"},\"image\":{\"@id\":\"https:\\\/\\\/marveline.fr\\\/#\\\/schema\\\/logo\\\/image\\\/\"},\"sameAs\":[\"https:\\\/\\\/www.facebook.com\\\/marvelinelocation\"]}]}<\/script>\n<!-- \/ Yoast SEO plugin. -->","yoast_head_json":{"title":"Table vague (module pour 5 personnes) - Marveline","robots":{"index":"noindex","follow":"follow"},"og_locale":"fr_FR","og_type":"article","og_title":"Table vague (module pour 5 personnes) - Marveline","og_description":"Id\u00e9ale pour une table d'honneur originale","og_url":"https:\/\/marveline.fr\/index.php\/produit\/table-vague-5-personnes\/","og_site_name":"Marveline","article_publisher":"https:\/\/www.facebook.com\/marvelinelocation","article_modified_time":"2026-03-30T22:07:48+00:00","og_image":[{"width":750,"height":750,"url":"https:\/\/marveline.fr\/wp-content\/uploads\/2026\/03\/marveline-produits-table-vague-2.png","type":"image\/png"}],"twitter_card":"summary_large_image","twitter_misc":{"Dur\u00e9e de lecture estim\u00e9e":"1 minute"},"schema":{"@context":"https:\/\/schema.org","@graph":[{"@type":"WebPage","@id":"https:\/\/marveline.fr\/index.php\/produit\/table-vague-5-personnes\/","url":"https:\/\/marveline.fr\/index.php\/produit\/table-vague-5-personnes\/","name":"Table vague (module pour 5 personnes) - Marveline","isPartOf":{"@id":"https:\/\/marveline.fr\/#website"},"primaryImageOfPage":{"@id":"https:\/\/marveline.fr\/index.php\/produit\/table-vague-5-personnes\/#primaryimage"},"image":{"@id":"https:\/\/marveline.fr\/index.php\/produit\/table-vague-5-personnes\/#primaryimage"},"thumbnailUrl":"https:\/\/marveline.fr\/wp-content\/uploads\/2026\/03\/marveline-produits-table-vague-2.png","datePublished":"2026-03-30T21:42:18+00:00","dateModified":"2026-03-30T22:07:48+00:00","breadcrumb":{"@id":"https:\/\/marveline.fr\/index.php\/produit\/table-vague-5-personnes\/#breadcrumb"},"inLanguage":"fr-FR","potentialAction":[{"@type":"ReadAction","target":["https:\/\/marveline.fr\/index.php\/produit\/table-vague-5-personnes\/"]}]},{"@type":"ImageObject","inLanguage":"fr-FR","@id":"https:\/\/marveline.fr\/index.php\/produit\/table-vague-5-personnes\/#primaryimage","url":"https:\/\/marveline.fr\/wp-content\/uploads\/2026\/03\/marveline-produits-table-vague-2.png","contentUrl":"https:\/\/marveline.fr\/wp-content\/uploads\/2026\/03\/marveline-produits-table-vague-2.png","width":750,"height":750},{"@type":"BreadcrumbList","@id":"https:\/\/marveline.fr\/index.php\/produit\/table-vague-5-personnes\/#breadcrumb","itemListElement":[{"@type":"ListItem","position":1,"name":"Accueil","item":"https:\/\/marveline.fr\/"},{"@type":"ListItem","position":2,"name":"Nos produits","item":"https:\/\/marveline.fr\/index.php\/nos-produits\/"},{"@type":"ListItem","position":3,"name":"Table vague (module pour 5 personnes)"}]},{"@type":"WebSite","@id":"https:\/\/marveline.fr\/#website","url":"https:\/\/marveline.fr\/","name":"Marveline","description":"\u00a0\u00a0Location - Vaisselle - Mat\u00e9riel - \u00c9v\u00e9nementiel","publisher":{"@id":"https:\/\/marveline.fr\/#organization"},"potentialAction":[{"@type":"SearchAction","target":{"@type":"EntryPoint","urlTemplate":"https:\/\/marveline.fr\/?s={search_term_string}"},"query-input":{"@type":"PropertyValueSpecification","valueRequired":true,"valueName":"search_term_string"}}],"inLanguage":"fr-FR"},{"@type":"Organization","@id":"https:\/\/marveline.fr\/#organization","name":"Marveline","url":"https:\/\/marveline.fr\/","logo":{"@type":"ImageObject","inLanguage":"fr-FR","@id":"https:\/\/marveline.fr\/#\/schema\/logo\/image\/","url":"https:\/\/marveline.fr\/wp-content\/uploads\/2020\/05\/marveline-location-vaisselle-materiel-evenementiel-logo512.png","contentUrl":"https:\/\/marveline.fr\/wp-content\/uploads\/2020\/05\/marveline-location-vaisselle-materiel-evenementiel-logo512.png","width":512,"height":512,"caption":"Marveline"},"image":{"@id":"https:\/\/marveline.fr\/#\/schema\/logo\/image\/"},"sameAs":["https:\/\/www.facebook.com\/marvelinelocation"]}]}},"_links":{"self":[{"href":"https:\/\/marveline.fr\/index.php\/wp-json\/wp\/v2\/product\/2968","targetHints":{"allow":["GET"]}}],"collection":[{"href":"https:\/\/marveline.fr\/index.php\/wp-json\/wp\/v2\/product"}],"about":[{"href":"https:\/\/marveline.fr\/index.php\/wp-json\/wp\/v2\/types\/product"}],"wp:featuredmedia":[{"embeddable":true,"href":"https:\/\/marveline.fr\/index.php\/wp-json\/wp\/v2\/media\/2971"}],"wp:attachment":[{"href":"https:\/\/marveline.fr\/index.php\/wp-json\/wp\/v2\/media?parent=2968"}],"wp:term":[{"taxonomy":"product_brand","embeddable":true,"href":"https:\/\/marveline.fr\/index.php\/wp-json\/wp\/v2\/product_brand?post=2968"},{"taxonomy":"product_cat","embeddable":true,"href":"https:\/\/marveline.fr\/index.php\/wp-json\/wp\/v2\/product_cat?post=2968"},{"taxonomy":"product_tag","embeddable":true,"href":"https:\/\/marveline.fr\/index.php\/wp-json\/wp\/v2\/product_tag?post=2968"}],"curies":[{"name":"wp","href":"https:\/\/api.w.org\/{rel}","templated":true}]}}