{"id":2980,"date":"2026-03-31T00:17:49","date_gmt":"2026-03-30T22:17:49","guid":{"rendered":"https:\/\/marveline.fr\/?post_type=product&#038;p=2980"},"modified":"2026-03-31T00:22:05","modified_gmt":"2026-03-30T22:22:05","slug":"galette-de-chaise","status":"publish","type":"product","link":"https:\/\/marveline.fr\/index.php\/produit\/galette-de-chaise\/","title":{"rendered":"Galette de chaise"},"content":{"rendered":"<p>Pour chaise dos crois\u00e9<\/p>\n<p>Galette en lin avec fixation par nouettes<i><\/i><\/p>\n","protected":false},"excerpt":{"rendered":"<p>Id\u00e9ale pour donner un style authentique \u00e0 vos r\u00e9ceptions<\/p>\n<p>Usage int\u00e9rieur uniquement<\/p>\n","protected":false},"featured_media":2979,"template":"","meta":[],"product_brand":[],"product_cat":[29,25],"product_tag":[],"class_list":{"0":"post-2980","1":"product","2":"type-product","3":"status-publish","4":"has-post-thumbnail","6":"product_cat-chaises","7":"product_cat-mobilier","9":"first","10":"onbackorder","11":"shipping-taxable","12":"purchasable","13":"product-type-simple"},"yoast_head":"<!-- This site is optimized with the Yoast SEO plugin v27.3 - https:\/\/yoast.com\/product\/yoast-seo-wordpress\/ -->\n<title>Galette de chaise - Marveline<\/title>\n<meta name=\"robots\" content=\"noindex, follow\" \/>\n<meta property=\"og:locale\" content=\"fr_FR\" \/>\n<meta property=\"og:type\" content=\"article\" \/>\n<meta property=\"og:title\" content=\"Galette de chaise - Marveline\" \/>\n<meta property=\"og:description\" content=\"Id\u00e9ale pour donner un style authentique \u00e0 vos r\u00e9ceptions  Usage int\u00e9rieur uniquement\" \/>\n<meta property=\"og:url\" content=\"https:\/\/marveline.fr\/index.php\/produit\/galette-de-chaise\/\" \/>\n<meta property=\"og:site_name\" content=\"Marveline\" \/>\n<meta property=\"article:publisher\" content=\"https:\/\/www.facebook.com\/marvelinelocation\" \/>\n<meta property=\"article:modified_time\" content=\"2026-03-30T22:22:05+00:00\" \/>\n<meta property=\"og:image\" content=\"https:\/\/marveline.fr\/wp-content\/uploads\/2025\/10\/marveline-produits-coussin-chaise-dos-croise.jpg\" \/>\n\t<meta property=\"og:image:width\" content=\"800\" \/>\n\t<meta property=\"og:image:height\" content=\"800\" \/>\n\t<meta property=\"og:image:type\" content=\"image\/jpeg\" \/>\n<meta name=\"twitter:card\" content=\"summary_large_image\" \/>\n<meta name=\"twitter:label1\" content=\"Dur\u00e9e de lecture estim\u00e9e\" \/>\n\t<meta name=\"twitter:data1\" content=\"1 minute\" \/>\n<script type=\"application\/ld+json\" class=\"yoast-schema-graph\">{\"@context\":\"https:\\\/\\\/schema.org\",\"@graph\":[{\"@type\":\"WebPage\",\"@id\":\"https:\\\/\\\/marveline.fr\\\/index.php\\\/produit\\\/galette-de-chaise\\\/\",\"url\":\"https:\\\/\\\/marveline.fr\\\/index.php\\\/produit\\\/galette-de-chaise\\\/\",\"name\":\"Galette de chaise - Marveline\",\"isPartOf\":{\"@id\":\"https:\\\/\\\/marveline.fr\\\/#website\"},\"primaryImageOfPage\":{\"@id\":\"https:\\\/\\\/marveline.fr\\\/index.php\\\/produit\\\/galette-de-chaise\\\/#primaryimage\"},\"image\":{\"@id\":\"https:\\\/\\\/marveline.fr\\\/index.php\\\/produit\\\/galette-de-chaise\\\/#primaryimage\"},\"thumbnailUrl\":\"https:\\\/\\\/marveline.fr\\\/wp-content\\\/uploads\\\/2025\\\/10\\\/marveline-produits-coussin-chaise-dos-croise.jpg\",\"datePublished\":\"2026-03-30T22:17:49+00:00\",\"dateModified\":\"2026-03-30T22:22:05+00:00\",\"breadcrumb\":{\"@id\":\"https:\\\/\\\/marveline.fr\\\/index.php\\\/produit\\\/galette-de-chaise\\\/#breadcrumb\"},\"inLanguage\":\"fr-FR\",\"potentialAction\":[{\"@type\":\"ReadAction\",\"target\":[\"https:\\\/\\\/marveline.fr\\\/index.php\\\/produit\\\/galette-de-chaise\\\/\"]}]},{\"@type\":\"ImageObject\",\"inLanguage\":\"fr-FR\",\"@id\":\"https:\\\/\\\/marveline.fr\\\/index.php\\\/produit\\\/galette-de-chaise\\\/#primaryimage\",\"url\":\"https:\\\/\\\/marveline.fr\\\/wp-content\\\/uploads\\\/2025\\\/10\\\/marveline-produits-coussin-chaise-dos-croise.jpg\",\"contentUrl\":\"https:\\\/\\\/marveline.fr\\\/wp-content\\\/uploads\\\/2025\\\/10\\\/marveline-produits-coussin-chaise-dos-croise.jpg\",\"width\":800,\"height\":800},{\"@type\":\"BreadcrumbList\",\"@id\":\"https:\\\/\\\/marveline.fr\\\/index.php\\\/produit\\\/galette-de-chaise\\\/#breadcrumb\",\"itemListElement\":[{\"@type\":\"ListItem\",\"position\":1,\"name\":\"Accueil\",\"item\":\"https:\\\/\\\/marveline.fr\\\/\"},{\"@type\":\"ListItem\",\"position\":2,\"name\":\"Nos produits\",\"item\":\"https:\\\/\\\/marveline.fr\\\/index.php\\\/nos-produits\\\/\"},{\"@type\":\"ListItem\",\"position\":3,\"name\":\"Galette de chaise\"}]},{\"@type\":\"WebSite\",\"@id\":\"https:\\\/\\\/marveline.fr\\\/#website\",\"url\":\"https:\\\/\\\/marveline.fr\\\/\",\"name\":\"Marveline\",\"description\":\"\u00a0\u00a0Location - Vaisselle - Mat\u00e9riel - \u00c9v\u00e9nementiel\",\"publisher\":{\"@id\":\"https:\\\/\\\/marveline.fr\\\/#organization\"},\"potentialAction\":[{\"@type\":\"SearchAction\",\"target\":{\"@type\":\"EntryPoint\",\"urlTemplate\":\"https:\\\/\\\/marveline.fr\\\/?s={search_term_string}\"},\"query-input\":{\"@type\":\"PropertyValueSpecification\",\"valueRequired\":true,\"valueName\":\"search_term_string\"}}],\"inLanguage\":\"fr-FR\"},{\"@type\":\"Organization\",\"@id\":\"https:\\\/\\\/marveline.fr\\\/#organization\",\"name\":\"Marveline\",\"url\":\"https:\\\/\\\/marveline.fr\\\/\",\"logo\":{\"@type\":\"ImageObject\",\"inLanguage\":\"fr-FR\",\"@id\":\"https:\\\/\\\/marveline.fr\\\/#\\\/schema\\\/logo\\\/image\\\/\",\"url\":\"https:\\\/\\\/marveline.fr\\\/wp-content\\\/uploads\\\/2020\\\/05\\\/marveline-location-vaisselle-materiel-evenementiel-logo512.png\",\"contentUrl\":\"https:\\\/\\\/marveline.fr\\\/wp-content\\\/uploads\\\/2020\\\/05\\\/marveline-location-vaisselle-materiel-evenementiel-logo512.png\",\"width\":512,\"height\":512,\"caption\":\"Marveline\"},\"image\":{\"@id\":\"https:\\\/\\\/marveline.fr\\\/#\\\/schema\\\/logo\\\/image\\\/\"},\"sameAs\":[\"https:\\\/\\\/www.facebook.com\\\/marvelinelocation\"]}]}<\/script>\n<!-- \/ Yoast SEO plugin. -->","yoast_head_json":{"title":"Galette de chaise - Marveline","robots":{"index":"noindex","follow":"follow"},"og_locale":"fr_FR","og_type":"article","og_title":"Galette de chaise - Marveline","og_description":"Id\u00e9ale pour donner un style authentique \u00e0 vos r\u00e9ceptions  Usage int\u00e9rieur uniquement","og_url":"https:\/\/marveline.fr\/index.php\/produit\/galette-de-chaise\/","og_site_name":"Marveline","article_publisher":"https:\/\/www.facebook.com\/marvelinelocation","article_modified_time":"2026-03-30T22:22:05+00:00","og_image":[{"width":800,"height":800,"url":"https:\/\/marveline.fr\/wp-content\/uploads\/2025\/10\/marveline-produits-coussin-chaise-dos-croise.jpg","type":"image\/jpeg"}],"twitter_card":"summary_large_image","twitter_misc":{"Dur\u00e9e de lecture estim\u00e9e":"1 minute"},"schema":{"@context":"https:\/\/schema.org","@graph":[{"@type":"WebPage","@id":"https:\/\/marveline.fr\/index.php\/produit\/galette-de-chaise\/","url":"https:\/\/marveline.fr\/index.php\/produit\/galette-de-chaise\/","name":"Galette de chaise - Marveline","isPartOf":{"@id":"https:\/\/marveline.fr\/#website"},"primaryImageOfPage":{"@id":"https:\/\/marveline.fr\/index.php\/produit\/galette-de-chaise\/#primaryimage"},"image":{"@id":"https:\/\/marveline.fr\/index.php\/produit\/galette-de-chaise\/#primaryimage"},"thumbnailUrl":"https:\/\/marveline.fr\/wp-content\/uploads\/2025\/10\/marveline-produits-coussin-chaise-dos-croise.jpg","datePublished":"2026-03-30T22:17:49+00:00","dateModified":"2026-03-30T22:22:05+00:00","breadcrumb":{"@id":"https:\/\/marveline.fr\/index.php\/produit\/galette-de-chaise\/#breadcrumb"},"inLanguage":"fr-FR","potentialAction":[{"@type":"ReadAction","target":["https:\/\/marveline.fr\/index.php\/produit\/galette-de-chaise\/"]}]},{"@type":"ImageObject","inLanguage":"fr-FR","@id":"https:\/\/marveline.fr\/index.php\/produit\/galette-de-chaise\/#primaryimage","url":"https:\/\/marveline.fr\/wp-content\/uploads\/2025\/10\/marveline-produits-coussin-chaise-dos-croise.jpg","contentUrl":"https:\/\/marveline.fr\/wp-content\/uploads\/2025\/10\/marveline-produits-coussin-chaise-dos-croise.jpg","width":800,"height":800},{"@type":"BreadcrumbList","@id":"https:\/\/marveline.fr\/index.php\/produit\/galette-de-chaise\/#breadcrumb","itemListElement":[{"@type":"ListItem","position":1,"name":"Accueil","item":"https:\/\/marveline.fr\/"},{"@type":"ListItem","position":2,"name":"Nos produits","item":"https:\/\/marveline.fr\/index.php\/nos-produits\/"},{"@type":"ListItem","position":3,"name":"Galette de chaise"}]},{"@type":"WebSite","@id":"https:\/\/marveline.fr\/#website","url":"https:\/\/marveline.fr\/","name":"Marveline","description":"\u00a0\u00a0Location - Vaisselle - Mat\u00e9riel - \u00c9v\u00e9nementiel","publisher":{"@id":"https:\/\/marveline.fr\/#organization"},"potentialAction":[{"@type":"SearchAction","target":{"@type":"EntryPoint","urlTemplate":"https:\/\/marveline.fr\/?s={search_term_string}"},"query-input":{"@type":"PropertyValueSpecification","valueRequired":true,"valueName":"search_term_string"}}],"inLanguage":"fr-FR"},{"@type":"Organization","@id":"https:\/\/marveline.fr\/#organization","name":"Marveline","url":"https:\/\/marveline.fr\/","logo":{"@type":"ImageObject","inLanguage":"fr-FR","@id":"https:\/\/marveline.fr\/#\/schema\/logo\/image\/","url":"https:\/\/marveline.fr\/wp-content\/uploads\/2020\/05\/marveline-location-vaisselle-materiel-evenementiel-logo512.png","contentUrl":"https:\/\/marveline.fr\/wp-content\/uploads\/2020\/05\/marveline-location-vaisselle-materiel-evenementiel-logo512.png","width":512,"height":512,"caption":"Marveline"},"image":{"@id":"https:\/\/marveline.fr\/#\/schema\/logo\/image\/"},"sameAs":["https:\/\/www.facebook.com\/marvelinelocation"]}]}},"_links":{"self":[{"href":"https:\/\/marveline.fr\/index.php\/wp-json\/wp\/v2\/product\/2980","targetHints":{"allow":["GET"]}}],"collection":[{"href":"https:\/\/marveline.fr\/index.php\/wp-json\/wp\/v2\/product"}],"about":[{"href":"https:\/\/marveline.fr\/index.php\/wp-json\/wp\/v2\/types\/product"}],"wp:featuredmedia":[{"embeddable":true,"href":"https:\/\/marveline.fr\/index.php\/wp-json\/wp\/v2\/media\/2979"}],"wp:attachment":[{"href":"https:\/\/marveline.fr\/index.php\/wp-json\/wp\/v2\/media?parent=2980"}],"wp:term":[{"taxonomy":"product_brand","embeddable":true,"href":"https:\/\/marveline.fr\/index.php\/wp-json\/wp\/v2\/product_brand?post=2980"},{"taxonomy":"product_cat","embeddable":true,"href":"https:\/\/marveline.fr\/index.php\/wp-json\/wp\/v2\/product_cat?post=2980"},{"taxonomy":"product_tag","embeddable":true,"href":"https:\/\/marveline.fr\/index.php\/wp-json\/wp\/v2\/product_tag?post=2980"}],"curies":[{"name":"wp","href":"https:\/\/api.w.org\/{rel}","templated":true}]}}